{"id":372,"date":"2025-12-09T07:00:17","date_gmt":"2025-12-09T07:00:17","guid":{"rendered":"https:\/\/sonabusiness.com\/?page_id=372"},"modified":"2026-03-04T17:58:35","modified_gmt":"2026-03-04T17:58:35","slug":"partenaires-de-lecosysteme","status":"publish","type":"page","link":"https:\/\/sonabusiness.com\/fr\/ecosystem-partners\/","title":{"rendered":"Partenaires de l&#039;\u00e9cosyst\u00e8me"},"content":{"rendered":"<section class=\"bde-section-372-100 bde-section\">\n  \n  \n\t\n\n\n\n<div class=\"section-container\"><h1 class=\"bde-heading-372-101 bde-heading\">\nPartenaires de l&#039;\u00e9cosyst\u00e8me\n<\/h1><\/div>\n<\/section><section class=\"bde-section-372-102 bde-section\">\n  \n  \n\t\n\n\n\n<div class=\"section-container\"><div class=\"bde-rich-text-372-103 bde-rich-text breakdance-rich-text-styles\">\n<p style=\"line-height: 1.2; margin: 0;\"><span style=\"font-weight: 400; background: linear-gradient(90deg, #FF00FE, #8A2BE2); -webkit-background-clip: text; -webkit-text-fill-color: transparent;\">Sona<\/span> est un fournisseur de services de t\u00e9l\u00e9communications gr\u00e2ce \u00e0 de vastes r\u00e9seaux internationaux. <br><span style=\"font-weight: 400; background: linear-gradient(90deg, #FF00FE, #8A2BE2); -webkit-background-clip: text; -webkit-text-fill-color: transparent;\">Asie, Europe et march\u00e9s am\u00e9ricains.<\/span><\/p>\n<\/div><div class=\"bde-grid-372-104 bde-grid\">\n  \n  \n\t\n\n\n\n<img decoding=\"async\" class=\"bde-image2-372-105 bde-image2\" src=\"https:\/\/sonabusiness.com\/wp-content\/uploads\/2025\/12\/Arista.svg\" loading=\"lazy\"><img decoding=\"async\" class=\"bde-image2-372-106 bde-image2\" src=\"https:\/\/sonabusiness.com\/wp-content\/uploads\/2025\/12\/Audiocodes.svg\" loading=\"lazy\"><img decoding=\"async\" class=\"bde-image2-372-107 bde-image2\" src=\"https:\/\/sonabusiness.com\/wp-content\/uploads\/2025\/12\/Yeastar.svg\" loading=\"lazy\"><img decoding=\"async\" class=\"bde-image2-372-108 bde-image2\" src=\"https:\/\/sonabusiness.com\/wp-content\/uploads\/2025\/12\/Lenovo.svg\" loading=\"lazy\"><img decoding=\"async\" class=\"bde-image2-372-109 bde-image2\" src=\"https:\/\/sonabusiness.com\/wp-content\/uploads\/2025\/12\/Huawei.svg\" loading=\"lazy\"><img decoding=\"async\" class=\"bde-image2-372-110 bde-image2\" src=\"https:\/\/sonabusiness.com\/wp-content\/uploads\/2025\/12\/Microsoft.svg\" loading=\"lazy\"><img decoding=\"async\" class=\"bde-image2-372-111 bde-image2\" src=\"https:\/\/sonabusiness.com\/wp-content\/uploads\/2025\/12\/Sonocwall.svg\" loading=\"lazy\"><img decoding=\"async\" class=\"bde-image2-372-112 bde-image2\" src=\"https:\/\/sonabusiness.com\/wp-content\/uploads\/2025\/12\/Veeam-logo.svg\" loading=\"lazy\"><img decoding=\"async\" class=\"bde-image2-372-113 bde-image2\" src=\"https:\/\/sonabusiness.com\/wp-content\/uploads\/2025\/12\/Yeastar.svg\" loading=\"lazy\"><img decoding=\"async\" class=\"bde-image2-372-114 bde-image2\" src=\"https:\/\/sonabusiness.com\/wp-content\/uploads\/2025\/12\/3CX.svg\" loading=\"lazy\"><img decoding=\"async\" class=\"bde-image2-372-115 bde-image2\" src=\"https:\/\/sonabusiness.com\/wp-content\/uploads\/2025\/12\/Innovaphone.svg\" loading=\"lazy\">\n<\/div><\/div>\n<\/section>","protected":false},"excerpt":{"rendered":"<p>Sona, partenaire de l&#039;\u00e9cosyst\u00e8me, est un fournisseur de services de t\u00e9l\u00e9communications disposant de vastes r\u00e9seaux internationaux couvrant l&#039;Asie, l&#039;Europe et les march\u00e9s am\u00e9ricains.<\/p>","protected":false},"author":1,"featured_media":0,"parent":0,"menu_order":0,"comment_status":"closed","ping_status":"closed","template":"","meta":{"_acf_changed":false,"_breakdance_hide_in_design_set":false,"_breakdance_tags":"","footnotes":""},"class_list":["post-372","page","type-page","status-publish","hentry"],"acf":[],"_links":{"self":[{"href":"https:\/\/sonabusiness.com\/fr\/wp-json\/wp\/v2\/pages\/372","targetHints":{"allow":["GET"]}}],"collection":[{"href":"https:\/\/sonabusiness.com\/fr\/wp-json\/wp\/v2\/pages"}],"about":[{"href":"https:\/\/sonabusiness.com\/fr\/wp-json\/wp\/v2\/types\/page"}],"author":[{"embeddable":true,"href":"https:\/\/sonabusiness.com\/fr\/wp-json\/wp\/v2\/users\/1"}],"replies":[{"embeddable":true,"href":"https:\/\/sonabusiness.com\/fr\/wp-json\/wp\/v2\/comments?post=372"}],"version-history":[{"count":4,"href":"https:\/\/sonabusiness.com\/fr\/wp-json\/wp\/v2\/pages\/372\/revisions"}],"predecessor-version":[{"id":681,"href":"https:\/\/sonabusiness.com\/fr\/wp-json\/wp\/v2\/pages\/372\/revisions\/681"}],"wp:attachment":[{"href":"https:\/\/sonabusiness.com\/fr\/wp-json\/wp\/v2\/media?parent=372"}],"curies":[{"name":"wp","href":"https:\/\/api.w.org\/{rel}","templated":true}]}}